{"id":1668,"date":"2025-12-20T03:27:17","date_gmt":"2025-12-20T02:27:17","guid":{"rendered":"https:\/\/bokamarathon.com\/?page_id=1668"},"modified":"2026-01-07T03:44:02","modified_gmt":"2026-01-07T02:44:02","slug":"smjestaj","status":"publish","type":"page","link":"https:\/\/bokamarathon.com\/en\/smjestaj\/","title":{"rendered":"Accommodation"},"content":{"rendered":"<div>\n<div class=\"wp-block-group has-global-padding is-layout-constrained wp-block-group-is-layout-constrained\">\n<div class=\"wp-block-columns is-layout-flex wp-container-core-columns-is-layout-28f84493 wp-block-columns-is-layout-flex\">\n<div class=\"wp-block-column is-vertically-aligned-center is-layout-flow wp-block-column-is-layout-flow\" style=\"flex-basis:100%\">\n<div class=\"wp-block-group container my-8 mx-auto is-layout-flow wp-block-group-is-layout-flow\">\n<h1 class=\"wp-block-heading has-text-align-center lg:mt-15! mt-10!\" style=\"padding-top:var(--wp--preset--spacing--5)\">SIRO Boka Place<\/h1>\n<\/div>\n<\/div>\n<\/div>\n<\/div>\n<\/div>\n\n\n\n<div class=\"wp-block-group has-global-padding is-layout-constrained wp-block-group-is-layout-constrained\">\n<div class=\"wp-block-group has-global-padding is-layout-constrained wp-block-group-is-layout-constrained\">\n<div class=\"wp-block-group is-vertical is-content-justification-stretch is-layout-flex wp-container-core-group-is-layout-353c4f5a wp-block-group-is-layout-flex\">\n<div class=\"alignnormal\"><div id=\"metaslider-id-1714\" style=\"width: 100%;\" class=\"ml-slider-3-104-0 metaslider metaslider-flex metaslider-1714 ml-slider has-dots-nav ms-theme-default-base\" role=\"region\" aria-label=\"New Slideshow\" data-height=\"300\" data-width=\"700\">\n    <div id=\"metaslider_container_1714\">\n        <div id=\"metaslider_1714\">\n            <ul aria-live='off' class='slides'>\n                <li style=\"display: block; width: 100%;\" class=\"slide-1717 ms-image\" aria-roledescription=\"slide\" data-date=\"2025-12-20 06:09:42\" data-filename=\"ZOAN-LS19-bed-extension-scaled-700x300.jpg\" data-slide-type=\"image\"><img loading=\"lazy\" decoding=\"async\" src=\"https:\/\/bokamarathon.com\/wp-content\/uploads\/2025\/12\/ZOAN-LS19-bed-extension-scaled-700x300.jpg\" height=\"300\" width=\"700\" alt=\"\" class=\"slider-1714 slide-1717 msDefaultImage\" title=\"www.zoan.photography\" \/><\/li>\n                <li style=\"display: none; width: 100%;\" class=\"slide-1720 ms-image\" aria-roledescription=\"slide\" data-date=\"2025-12-20 06:09:42\" data-filename=\"Siro_Boka_Place_Siro_Room_NateleeCocks_002-scaled-700x300.jpg\" data-slide-type=\"image\"><img loading=\"lazy\" decoding=\"async\" src=\"https:\/\/bokamarathon.com\/wp-content\/uploads\/2025\/12\/Siro_Boka_Place_Siro_Room_NateleeCocks_002-scaled-700x300.jpg\" height=\"300\" width=\"700\" alt=\"\" class=\"slider-1714 slide-1720 msDefaultImage\" title=\"Siro_Boka_Place_Siro_Room_NateleeCocks_002\" \/><\/li>\n                <li style=\"display: none; width: 100%;\" class=\"slide-1718 ms-image\" aria-roledescription=\"slide\" data-date=\"2025-12-20 06:09:42\" data-filename=\"Siro_Boka_Place_Siro_Room_NateleeCocks_009-scaled-700x300.jpg\" data-slide-type=\"image\"><img loading=\"lazy\" decoding=\"async\" src=\"https:\/\/bokamarathon.com\/wp-content\/uploads\/2025\/12\/Siro_Boka_Place_Siro_Room_NateleeCocks_009-scaled-700x300.jpg\" height=\"300\" width=\"700\" alt=\"\" class=\"slider-1714 slide-1718 msDefaultImage\" title=\"Siro_Boka_Place_Siro_Room_NateleeCocks_009\" \/><\/li>\n                <li style=\"display: none; width: 100%;\" class=\"slide-1719 ms-image\" aria-roledescription=\"slide\" data-date=\"2025-12-20 06:09:42\" data-filename=\"Siro_Boka_Place_Siro_Room_NateleeCocks_019-scaled-700x300.jpg\" data-slide-type=\"image\"><img loading=\"lazy\" decoding=\"async\" src=\"https:\/\/bokamarathon.com\/wp-content\/uploads\/2025\/12\/Siro_Boka_Place_Siro_Room_NateleeCocks_019-scaled-700x300.jpg\" height=\"300\" width=\"700\" alt=\"\" class=\"slider-1714 slide-1719 msDefaultImage\" title=\"Siro Boka Place, Montenegro\" \/><\/li>\n                <li style=\"display: none; width: 100%;\" class=\"slide-1715 ms-image\" aria-roledescription=\"slide\" data-date=\"2025-12-20 06:09:42\" data-filename=\"Siro_Boka_Place_Siro_Table_NateleeCocks_007-scaled-700x300.jpg\" data-slide-type=\"image\"><img loading=\"lazy\" decoding=\"async\" src=\"https:\/\/bokamarathon.com\/wp-content\/uploads\/2025\/12\/Siro_Boka_Place_Siro_Table_NateleeCocks_007-scaled-700x300.jpg\" height=\"300\" width=\"700\" alt=\"\" class=\"slider-1714 slide-1715 msDefaultImage\" title=\"Siro Boka Place, Montenegro\" \/><\/li>\n                <li style=\"display: none; width: 100%;\" class=\"slide-1721 ms-image\" aria-roledescription=\"slide\" data-date=\"2025-12-20 06:09:42\" data-filename=\"LS14-scaled-700x300.jpg\" data-slide-type=\"image\"><img loading=\"lazy\" decoding=\"async\" src=\"https:\/\/bokamarathon.com\/wp-content\/uploads\/2025\/12\/LS14-scaled-700x300.jpg\" height=\"300\" width=\"700\" alt=\"\" class=\"slider-1714 slide-1721 msDefaultImage\" title=\"www.zoan.photography\" \/><\/li>\n                <li style=\"display: none; width: 100%;\" class=\"slide-1716 ms-image\" aria-roledescription=\"slide\" data-date=\"2025-12-20 06:09:42\" data-filename=\"LS17-scaled-700x300.jpg\" data-slide-type=\"image\"><img loading=\"lazy\" decoding=\"async\" src=\"https:\/\/bokamarathon.com\/wp-content\/uploads\/2025\/12\/LS17-scaled-700x300.jpg\" height=\"300\" width=\"700\" alt=\"\" class=\"slider-1714 slide-1716 msDefaultImage\" title=\"www.zoan.photography\" \/><\/li>\n                <li style=\"display: none; width: 100%;\" class=\"slide-1722 ms-image\" aria-roledescription=\"slide\" data-date=\"2025-12-20 06:09:42\" data-filename=\"LS05-scaled-700x300.jpg\" data-slide-type=\"image\"><img loading=\"lazy\" decoding=\"async\" src=\"https:\/\/bokamarathon.com\/wp-content\/uploads\/2025\/12\/LS05-scaled-700x300.jpg\" height=\"300\" width=\"700\" alt=\"\" class=\"slider-1714 slide-1722 msDefaultImage\" title=\"www.zoan.photography\" \/><\/li>\n                <li style=\"display: none; width: 100%;\" class=\"slide-1723 ms-image\" aria-roledescription=\"slide\" data-date=\"2025-12-20 06:09:42\" data-filename=\"LS09-scaled-700x300.jpg\" data-slide-type=\"image\"><img loading=\"lazy\" decoding=\"async\" src=\"https:\/\/bokamarathon.com\/wp-content\/uploads\/2025\/12\/LS09-scaled-700x300.jpg\" height=\"300\" width=\"700\" alt=\"\" class=\"slider-1714 slide-1723 msDefaultImage\" title=\"www.zoan.photography\" \/><\/li>\n                <li style=\"display: none; width: 100%;\" class=\"slide-1724 ms-image\" aria-roledescription=\"slide\" data-date=\"2025-12-20 06:09:42\" data-filename=\"OAN7201-scaled-700x300.jpg\" data-slide-type=\"image\"><img loading=\"lazy\" decoding=\"async\" src=\"https:\/\/bokamarathon.com\/wp-content\/uploads\/2025\/12\/OAN7201-scaled-700x300.jpg\" height=\"300\" width=\"700\" alt=\"\" class=\"slider-1714 slide-1724 msDefaultImage\" title=\"www.zoan.photography\" \/><\/li>\n                <li style=\"display: none; width: 100%;\" class=\"slide-1725 ms-image\" aria-roledescription=\"slide\" data-date=\"2025-12-20 06:09:42\" data-filename=\"OAN7140-scaled-700x300.jpg\" data-slide-type=\"image\"><img loading=\"lazy\" decoding=\"async\" src=\"https:\/\/bokamarathon.com\/wp-content\/uploads\/2025\/12\/OAN7140-scaled-700x300.jpg\" height=\"300\" width=\"700\" alt=\"\" class=\"slider-1714 slide-1725 msDefaultImage\" title=\"www.zoan.photography\" \/><\/li>\n                <li style=\"display: none; width: 100%;\" class=\"slide-1726 ms-image\" aria-roledescription=\"slide\" data-date=\"2025-12-20 06:09:42\" data-filename=\"LS07-scaled-700x300.jpg\" data-slide-type=\"image\"><img loading=\"lazy\" decoding=\"async\" src=\"https:\/\/bokamarathon.com\/wp-content\/uploads\/2025\/12\/LS07-scaled-700x300.jpg\" height=\"300\" width=\"700\" alt=\"\" class=\"slider-1714 slide-1726 msDefaultImage\" title=\"www.zoan.photography\" \/><\/li>\n            <\/ul>\n        <\/div>\n        \n    <\/div>\n<\/div><\/div>\n\n\n\n<p class=\"gb-text gb-text-b7cec31a\">If you have not yet secured accommodation for the race period, <strong>Book your stay at SIRO Boka Place<\/strong> \u2014 a place where comfort, performance and regeneration come together in a unique experience. Located in the heart <strong>Porto Montenegro<\/strong>, this hotel represents a completely new concept <strong>active lifestyle and well-being stay<\/strong> which is ideal for runners and anyone aiming for top results.<br>At SIRO Boka Place you will find:<br><br><strong>Fitness Lab of over 1,600 m\u00b2<\/strong> with state-of-the-art equipment, functional training zones, cardio, weight training, Experience Box, and specialized Pilates and yoga studios \u2014 all designed for athletes and demanding workouts.<br><br><strong>Recovery Lab \u2013 recovery center<\/strong> with advanced treatments including <strong>cryotherapy, red light therapy, percussive and compressive therapy, massages and mindfulness treatments<\/strong>, which help the body to recover faster after training or racing.<br><br><strong>25-meter air-conditioned swimming pool with a retractable roof<\/strong>, ideal for swimming and regeneration in any weather.<br><br><strong>Accommodation units from luxurious rooms to fully equipped apartments<\/strong> with thermo-regulated mattresses, soundproof walls, wellness accessories in the room (yoga mat, stretch bands, etc.) and panoramic views of the Bay of Kotor.<br><br><strong>Nutritionally focused gastronomy<\/strong> \u2014 SIRO Table restaurant, rooftop bar SIRO Social and Refuel Bar offer balanced, delicious meals created in collaboration with nutritionists, ideal for runners and athletes.<br><br><strong>A holistic approach to regeneration and performance<\/strong>, including sleep programs, mindfulness, outdoor activities, and personalized coach support.<br><br>Make a reservation <strong>SIRO Boka Place<\/strong> \u2014 a place where your training, recovery and stay become one synergistic story. Secure yourself accommodation that <strong>supports your performance, speeds up recovery and gives you the energy to shine on the track<\/strong>.<br><br>For more information <a href=\"https:\/\/www.sirohotels.com\/montenegro\/boka-place\" target=\"_blank\" rel=\"noreferrer noopener\"><strong>click here<\/strong><\/a><\/p>\n<\/div>\n<\/div>\n<\/div>\n\n\n\n<p><\/p>","protected":false},"excerpt":{"rendered":"<p>SIRO Boka Place Ako jo\u0161 niste obezbijedili smje\u0161taj za period trke, rezervi\u0161ite svoj boravak u SIRO Boka Place \u2014 mjestu gdje se udobnost, performans i regeneracija spajaju u jedinstveno iskustvo. Smje\u0161ten u srcu Porto Montenegra, ovaj hotel predstavlja potpuno novi koncept active lifestyle i wellbeing boravka koji je idealan za trka\u010de i sve koji ciljaju [&hellip;]<\/p>","protected":false},"author":4,"featured_media":260,"parent":0,"menu_order":0,"comment_status":"closed","ping_status":"closed","template":"","meta":{"_acf_changed":false,"footnotes":""},"class_list":["post-1668","page","type-page","status-publish","has-post-thumbnail","hentry"],"acf":[],"_links":{"self":[{"href":"https:\/\/bokamarathon.com\/en\/wp-json\/wp\/v2\/pages\/1668","targetHints":{"allow":["GET"]}}],"collection":[{"href":"https:\/\/bokamarathon.com\/en\/wp-json\/wp\/v2\/pages"}],"about":[{"href":"https:\/\/bokamarathon.com\/en\/wp-json\/wp\/v2\/types\/page"}],"author":[{"embeddable":true,"href":"https:\/\/bokamarathon.com\/en\/wp-json\/wp\/v2\/users\/4"}],"replies":[{"embeddable":true,"href":"https:\/\/bokamarathon.com\/en\/wp-json\/wp\/v2\/comments?post=1668"}],"version-history":[{"count":43,"href":"https:\/\/bokamarathon.com\/en\/wp-json\/wp\/v2\/pages\/1668\/revisions"}],"predecessor-version":[{"id":1827,"href":"https:\/\/bokamarathon.com\/en\/wp-json\/wp\/v2\/pages\/1668\/revisions\/1827"}],"wp:featuredmedia":[{"embeddable":true,"href":"https:\/\/bokamarathon.com\/en\/wp-json\/wp\/v2\/media\/260"}],"wp:attachment":[{"href":"https:\/\/bokamarathon.com\/en\/wp-json\/wp\/v2\/media?parent=1668"}],"curies":[{"name":"wp","href":"https:\/\/api.w.org\/{rel}","templated":true}]}}