{"id":1881,"date":"2026-03-19T00:45:43","date_gmt":"2026-03-18T23:45:43","guid":{"rendered":"https:\/\/bokamarathon.com\/?page_id=1881"},"modified":"2026-03-26T22:31:12","modified_gmt":"2026-03-26T21:31:12","slug":"prijava-za-pejsera-bokeski-maraton","status":"publish","type":"page","link":"https:\/\/bokamarathon.com\/en\/prijava-za-pejsera-bokeski-maraton\/","title":{"rendered":"Pacer Registration - Boka Marathon 2026"},"content":{"rendered":"<div class=\"gb-element-7a0095f6\">\n<h2 class=\"gb-text gb-text-6379eb73\">CONDITIONS FOR PACING<\/h2>\n\n\n\n<p class=\"gb-text\"><br>If you want to be a pacer, you need to meet the following conditions:<\/p>\n\n\n\n<p class=\"gb-text\"><br><strong>Half marathon:<\/strong><\/p>\n\n\n\n<ul class=\"wp-block-list\">\n<li>Any other 21 km race that has an AIMS certificate - submit a link with the result.<\/li>\n\n\n\n<li>The qualifying race must be completed no more than 9 months before the Boka Marathon.<\/li>\n\n\n\n<li>The achieved race time must be at least 10 minutes faster than the target time for which you are registering as a pacer.<\/li>\n<\/ul>\n\n\n\n<p class=\"gb-text\"><br><strong>Marathon:<\/strong><\/p>\n\n\n\n<ul class=\"wp-block-list\">\n<li>Any other 42 km race that has an AIMS certificate - submit a link with the result.<\/li>\n\n\n\n<li>The qualifying race must be completed no more than 9 months before the Boka Marathon.<\/li>\n\n\n\n<li>The achieved race time must be at least 20 minutes faster than the target time for which you are registering as a pacer.<br><\/li>\n<\/ul>\n\n\n\n<p class=\"gb-text\"><br>Have you ever been a pacer? If so, please list the races in the form below (racing biography).<\/p>\n\n\n\n<p><br><strong>Important<\/strong><br>Pacing involves a stable and even pace throughout the race, with the finish line being crossed with a maximum deviation of \u00b145 seconds from the set time.<br><br><strong>If the pacer does not meet the set target time and deviates from the planned pace, he\/she loses the right to participate in the role of pacer at all subsequent editions of the Boka Marathon!!!<br><\/strong><br><strong>Note<\/strong><br>By agreeing to the role of pacer, you also accept the general rules of the event, including professional and responsible behavior towards all participants, the organizer, and the race rules.<\/p>\n\n\n\n<p class=\"gb-text\"><br><strong>Register now<\/strong><\/p>\n\n\n\n<p class=\"gb-text\">After verification of applications, selected pacers will receive a special <strong>promo code for registration<\/strong> which allows them <strong>free race registration<\/strong>. This code must be entered during regular race registration.<\/p>\n\n\n\n<p class=\"gb-text\"><br>If for any reason the candidate is not selected for <strong>desired target time<\/strong>, the organizer can contact the candidate and offer the opportunity to be a pacer for <strong>other time<\/strong>, in accordance with the needs of the race.<\/p>\n\n\n\n<h2 class=\"wp-block-heading\"><br><strong>Pacer competition<\/strong><\/h2>\n\n\n\n<p>All pacers participate in a competition for the most accurate pacer of the race.<\/p>\n\n\n\n<p>The goal is to meet the target time as accurately as possible, with a stable pace throughout the race.<\/p>\n\n\n\n<h3 class=\"wp-block-heading\"><br><br><strong>Rules<\/strong><\/h3>\n\n\n\n<p>For each pacer, the following are analyzed:<\/p>\n\n\n\n<ul class=\"wp-block-list\">\n<li>split times<\/li>\n\n\n\n<li>total finishing time<\/li>\n<\/ul>\n\n\n\n<p>The total deviation from the ideal pace and target time is calculated.<br>The winner is the pacer who has <strong>least total deviation<\/strong>.<\/p>\n\n\n\n<h3 class=\"wp-block-heading\"><br><strong>Example<\/strong><\/h3>\n\n\n\n<p>A pacer for a 3:00 marathon should run at a pace of 4:15\/km.<\/p>\n\n\n\n<p>If on certain kilometers they go:<\/p>\n\n\n\n<ul class=\"wp-block-list\">\n<li>4:10 (\u20135 seconds)<\/li>\n\n\n\n<li>4:20 (+5 seconds)<\/li>\n\n\n\n<li>4:18 (+3 seconds)<\/li>\n<\/ul>\n\n\n\n<p>The deviations are added together (regardless of sign), and the total deviation is 13 seconds.<\/p>\n\n\n\n<p>The pacer with the smallest overall deviation throughout the entire race is the winner.<\/p>\n\n\n\n<h3 class=\"wp-block-heading\"><br><strong>Award<\/strong><\/h3>\n\n\n\n<p>The most accurate pacer wins:<\/p>\n\n\n\n<ul class=\"wp-block-list\">\n<li>entry fee for the Split or Boka Marathon in 2027<\/li>\n\n\n\n<li>weekend stay in a 5\u2605 hotel for two people during the marathon weekend in Split\/Boka<\/li>\n<\/ul>\n\n\n\n<p>For all additional questions, write to us at <strong>pacers.bokeskimaraton@gmail.com<\/strong><\/p>\n\n\n\n<div style=\"height:30px\" aria-hidden=\"true\" class=\"wp-block-spacer\"><\/div>\n\n\n\n<div class=\"gb-tabs tab-pacers\" data-opened-tab=\"1\" data-transition=\"fade\">\n<div class=\"gb-tabs__menu gb-tabs__menu-6d58da91\" role=\"tablist\">\n<div tabindex=\"0\" class=\"gb-tabs__menu-item gb-tabs__menu-item-5fabf4e4 gb-block-is-current\" role=\"tab\" id=\"gb-tab-menu-item-5fabf4e4\">\n<div class=\"wp-block-group is-nowrap is-layout-flex wp-container-core-group-is-layout-6c531013 wp-block-group-is-layout-flex\">\n<h2 class=\"wp-block-heading has-md-font-size wp-container-content-9cfa9a5a\"><strong>Register now<\/strong> <\/h2>\n<\/div>\n<\/div>\n\n\n\n<div tabindex=\"0\" class=\"gb-tabs__menu-item gb-tabs__menu-item-58b1bfd6\" role=\"tab\" id=\"gb-tab-menu-item-58b1bfd6\">\n<h2 class=\"wp-block-heading has-md-font-size\"><strong>Our pacers<\/strong><\/h2>\n<\/div>\n<\/div>\n\n\n\n<div class=\"gb-tabs__items gb-tabs__items-755ec0ca\">\n<div class=\"gb-tabs__item gb-tabs__item-2901187e gb-tabs__item-open\" role=\"tabpanel\" id=\"gb-tab-item-2901187e\">\n<div class=\"wpcf7 no-js\" id=\"wpcf7-f1880-o1\" lang=\"bs-BA\" dir=\"ltr\" data-wpcf7-id=\"1880\">\n<div class=\"screen-reader-response\"><p role=\"status\" aria-live=\"polite\" aria-atomic=\"true\"><\/p> <ul><\/ul><\/div>\n<form action=\"\/en\/wp-json\/wp\/v2\/pages\/1881#wpcf7-f1880-o1\" method=\"post\" class=\"wpcf7-form init\" aria-label=\"Kontakt obrazac\" enctype=\"multipart\/form-data\" novalidate=\"novalidate\" data-status=\"init\" data-trp-original-action=\"\/en\/wp-json\/wp\/v2\/pages\/1881#wpcf7-f1880-o1\">\n<fieldset class=\"hidden-fields-container\"><input type=\"hidden\" name=\"_wpcf7\" value=\"1880\" \/><input type=\"hidden\" name=\"_wpcf7_version\" value=\"6.1.5\" \/><input type=\"hidden\" name=\"_wpcf7_locale\" value=\"bs_BA\" \/><input type=\"hidden\" name=\"_wpcf7_unit_tag\" value=\"wpcf7-f1880-o1\" \/><input type=\"hidden\" name=\"_wpcf7_container_post\" value=\"0\" \/><input type=\"hidden\" name=\"_wpcf7_posted_data_hash\" value=\"\" \/><input type=\"hidden\" name=\"_wpcf7cf_hidden_group_fields\" value=\"[]\" \/><input type=\"hidden\" name=\"_wpcf7cf_hidden_groups\" value=\"[]\" \/><input type=\"hidden\" name=\"_wpcf7cf_visible_groups\" value=\"[]\" \/><input type=\"hidden\" name=\"_wpcf7cf_repeaters\" value=\"[]\" \/><input type=\"hidden\" name=\"_wpcf7cf_steps\" value=\"{}\" \/><input type=\"hidden\" name=\"_wpcf7cf_options\" value=\"{&quot;form_id&quot;:1880,&quot;conditions&quot;:[{&quot;then_field&quot;:&quot;polumaraton&quot;,&quot;and_rules&quot;:[{&quot;if_field&quot;:&quot;tip-trke&quot;,&quot;operator&quot;:&quot;equals&quot;,&quot;if_value&quot;:&quot;Polumaraton&quot;}]},{&quot;then_field&quot;:&quot;maraton&quot;,&quot;and_rules&quot;:[{&quot;if_field&quot;:&quot;tip-trke&quot;,&quot;operator&quot;:&quot;equals&quot;,&quot;if_value&quot;:&quot;Maraton&quot;}]},{&quot;then_field&quot;:&quot;show-link&quot;,&quot;and_rules&quot;:[{&quot;if_field&quot;:&quot;prikazi-link&quot;,&quot;operator&quot;:&quot;not empty&quot;,&quot;if_value&quot;:&quot;Da&quot;}]}],&quot;settings&quot;:{&quot;animation&quot;:&quot;yes&quot;,&quot;animation_intime&quot;:200,&quot;animation_outtime&quot;:200,&quot;conditions_ui&quot;:&quot;normal&quot;,&quot;notice_dismissed&quot;:false,&quot;notice_dismissed_update-cf7-6.1.5&quot;:true}}\" \/>\n<\/fieldset>\n<div id=\"pejseri-form\">\n<div class=\"grid grid-cols-1 gap-4 mb-4\">\n<span class=\"wpcf7-form-control-wrap\" data-name=\"tip-trke\"><span class=\"wpcf7-form-control wpcf7-radio radio-btns\"><span class=\"wpcf7-list-item first\"><label><input type=\"radio\" name=\"tip-trke\" value=\"Polumaraton\" \/><span class=\"wpcf7-list-item-label\">Half marathon<\/span><\/label><\/span><span class=\"wpcf7-list-item last\"><label><input type=\"radio\" name=\"tip-trke\" value=\"Maraton\" \/><span class=\"wpcf7-list-item-label\">Marathon<\/span><\/label><\/span><\/span><\/span>\n<\/div>\n\n<div class=\"grid grid-cols-1 gap-3 mb-4 mt-4\"><span data-id=\"polumaraton\" data-orig_data_id=\"polumaraton\"  class=\"\" data-class=\"wpcf7cf_group\"><div><label class=\"block mb-2\">Half marathon times:<\/label><span class=\"wpcf7-form-control-wrap\" data-name=\"vrijeme-polumaraton\"><select class=\"wpcf7-form-control wpcf7-select dropdown-time\" aria-invalid=\"false\" name=\"vrijeme-polumaraton\"><option value=\"1:30\">1:30<\/option><option value=\"1:40\">1:40<\/option><option value=\"1:50\">1:50<\/option><option value=\"2:00\">2:00<\/option><option value=\"2:10\">2:10<\/option><option value=\"2:20\">2:20<\/option><option value=\"2:30\">2:30<\/option><\/select><\/span><\/div><\/span><span data-id=\"maraton\" data-orig_data_id=\"maraton\"  class=\"\" data-class=\"wpcf7cf_group\"><div><label class=\"block mb-2\">Marathon times:<\/label><span class=\"wpcf7-form-control-wrap\" data-name=\"vrijeme-maraton\"><select class=\"wpcf7-form-control wpcf7-select dropdown-time\" aria-invalid=\"false\" name=\"vrijeme-maraton\"><option value=\"3:00\">3:00<\/option><option value=\"3:15\">3:15<\/option><option value=\"3:30\">3:30<\/option><option value=\"3:45\">3:45<\/option><option value=\"4:00\">4:00<\/option><option value=\"4:15\">4:15<\/option><option value=\"4:30\">4:30<\/option><option value=\"4:45\">4:45<\/option><option value=\"5:00\">5:00<\/option><\/select><\/span><\/div><\/span><\/div>\n\n<div class=\"grid grid-cols-1 lg:grid-cols-2 gap-4 mt-2\">\n<div><label class=\"block mb-2\">Name:<\/label><span class=\"wpcf7-form-control-wrap\" data-name=\"your-name\"><input size=\"40\" maxlength=\"400\" class=\"wpcf7-form-control wpcf7-text wpcf7-validates-as-required\" autocomplete=\"name\" aria-required=\"true\" aria-invalid=\"false\" value=\"\" type=\"text\" name=\"your-name\" \/><\/span>\n<\/div><div><label class=\"block mb-2\">Last name:<\/label><span class=\"wpcf7-form-control-wrap\" data-name=\"your-lastname\"><input size=\"40\" maxlength=\"400\" class=\"wpcf7-form-control wpcf7-text wpcf7-validates-as-required\" autocomplete=\"family-name\" aria-required=\"true\" aria-invalid=\"false\" value=\"\" type=\"text\" name=\"your-lastname\" \/><\/span><\/div><\/div>\n<div class=\"grid grid-cols-1 lg:grid-cols-2 gap-4\"><div><label class=\"block\">Email (will not be made public):<\/label><span class=\"wpcf7-form-control-wrap\" data-name=\"your-email\"><input size=\"40\" maxlength=\"400\" class=\"wpcf7-form-control wpcf7-email wpcf7-validates-as-required wpcf7-text wpcf7-validates-as-email\" autocomplete=\"email\" aria-required=\"true\" aria-invalid=\"false\" value=\"\" type=\"email\" name=\"your-email\" \/><\/span><\/div><div><label class=\"block mb-2\">Phone number (will not be made public):<\/label><span class=\"wpcf7-form-control-wrap\" data-name=\"your-phone\"><input size=\"40\" maxlength=\"400\" class=\"wpcf7-form-control wpcf7-text wpcf7-validates-as-required\" aria-required=\"true\" aria-invalid=\"false\" value=\"\" type=\"text\" name=\"your-phone\" \/><\/span><\/div><\/div>\n\n<div class=\"flex flex-col gap-2 mt-4 w-full\">\n<div class=\"flex flex-col\"><label class=\"mb-2\">Tell us a little about yourself. Include information that we can use for your public biography.<\/label>\n<span class=\"wpcf7-form-control-wrap\" data-name=\"your-about\"><textarea cols=\"40\" rows=\"10\" maxlength=\"2000\" class=\"wpcf7-form-control wpcf7-textarea\" aria-invalid=\"false\" name=\"your-about\"><\/textarea><\/span>\n<\/div>\n\n<div class=\"flex flex-col md:flex-row gap-4\">\n<div class=\"flex flex-col\"><label class=\"mb-2\">Last race and result:<\/label><span class=\"wpcf7-form-control-wrap\" data-name=\"poslednja-trka\"><input size=\"40\" class=\"wpcf7-form-control wpcf7-file\" accept=\"audio\/*,video\/*,image\/*,.pdf\" aria-invalid=\"false\" type=\"file\" name=\"poslednja-trka\" \/><\/span><\/div>\n<div class=\"radio-btns\">\n<span class=\"wpcf7-form-control-wrap\" data-name=\"prikazi-link\"><span class=\"wpcf7-form-control wpcf7-checkbox\"><span class=\"wpcf7-list-item first last\"><label><input type=\"checkbox\" name=\"prikazi-link[]\" value=\"Dodajte link\" \/><span class=\"wpcf7-list-item-label\">Add a link<\/span><\/label><\/span><\/span><\/span>\n<span data-id=\"show-link\" data-orig_data_id=\"show-link\" data-clear_on_hide class=\"\" data-class=\"wpcf7cf_group\"> <span class=\"wpcf7-form-control-wrap\" data-name=\"link\"><input size=\"40\" maxlength=\"400\" class=\"wpcf7-form-control wpcf7-url wpcf7-text wpcf7-validates-as-url\" autocomplete=\"url\" aria-invalid=\"false\" value=\"\" type=\"url\" name=\"link\" \/><\/span> <\/span>\n<\/div>\n<\/div>\n<div class=\"flex flex-col\"><label class=\"mb-2\" style=\"max-width:300px;\">Photo (will be displayed on our website if you are selected):<\/label><span class=\"wpcf7-form-control-wrap\" data-name=\"slika\"><input size=\"40\" class=\"wpcf7-form-control wpcf7-file\" accept=\"audio\/*,video\/*,image\/*,.pdf\" aria-invalid=\"false\" type=\"file\" name=\"slika\" \/><\/span><small>Maximum file size: 5mb<\/small><\/div><\/div>\n\n\n<input class=\"wpcf7-form-control wpcf7-submit has-spinner wp-block-button__link wp-element-button mt-4 pacers-submit\" type=\"submit\" value=\"Register\" \/>\n<\/div><div class=\"wpcf7-response-output\" aria-hidden=\"true\"><\/div>\n<input type=\"hidden\" name=\"trp-form-language\" value=\"en\"\/><\/form>\n<\/div>\n\n<\/div>\n\n\n\n<div class=\"gb-tabs__item gb-tabs__item-f9375192\" role=\"tabpanel\" id=\"gb-tab-item-f9375192\">\n<p>Selected pacers will be displayed here.<\/p>\n<\/div>\n<\/div>\n<\/div>\n<\/div>\n\n\n\n<p><\/p>","protected":false},"excerpt":{"rendered":"<p>USLOVI ZA PEJSOVANJE Ako \u017eelite biti pejser, potrebno je ispuniti sljede\u0107e uslove: Polumaraton: Maraton: Jeste li ve\u0107 bili pejser? Ukoliko jeste, molimo navedite trke u formularu ispod (trka\u010dka biografija). Va\u017enoPejsovanje podrazumijeva stabilan i ujedna\u010den tempo tokom cijele trke, uz ulazak u cilj sa maksimalnim odstupanjem od \u00b145 sekundi u odnosu na zadato vrijeme. Ukoliko pejser [&hellip;]<\/p>","protected":false},"author":8,"featured_media":0,"parent":0,"menu_order":0,"comment_status":"closed","ping_status":"closed","template":"","meta":{"_acf_changed":false,"footnotes":""},"class_list":["post-1881","page","type-page","status-publish","hentry"],"acf":[],"_links":{"self":[{"href":"https:\/\/bokamarathon.com\/en\/wp-json\/wp\/v2\/pages\/1881","targetHints":{"allow":["GET"]}}],"collection":[{"href":"https:\/\/bokamarathon.com\/en\/wp-json\/wp\/v2\/pages"}],"about":[{"href":"https:\/\/bokamarathon.com\/en\/wp-json\/wp\/v2\/types\/page"}],"author":[{"embeddable":true,"href":"https:\/\/bokamarathon.com\/en\/wp-json\/wp\/v2\/users\/8"}],"replies":[{"embeddable":true,"href":"https:\/\/bokamarathon.com\/en\/wp-json\/wp\/v2\/comments?post=1881"}],"version-history":[{"count":99,"href":"https:\/\/bokamarathon.com\/en\/wp-json\/wp\/v2\/pages\/1881\/revisions"}],"predecessor-version":[{"id":2034,"href":"https:\/\/bokamarathon.com\/en\/wp-json\/wp\/v2\/pages\/1881\/revisions\/2034"}],"wp:attachment":[{"href":"https:\/\/bokamarathon.com\/en\/wp-json\/wp\/v2\/media?parent=1881"}],"curies":[{"name":"wp","href":"https:\/\/api.w.org\/{rel}","templated":true}]}}