{"id":2014,"date":"2026-03-26T20:47:11","date_gmt":"2026-03-26T19:47:11","guid":{"rendered":"https:\/\/bokamarathon.com\/?page_id=2014"},"modified":"2026-03-27T18:23:19","modified_gmt":"2026-03-27T17:23:19","slug":"elitni-trkaci-bokeski-maraton-2026","status":"publish","type":"page","link":"https:\/\/bokamarathon.com\/en\/elitni-trkaci-bokeski-maraton-2026\/","title":{"rendered":"Elite Runners \u2013 Boka Marathon 2026"},"content":{"rendered":"<div class=\"wp-block-group has-global-padding is-layout-constrained wp-container-core-group-is-layout-f36bc466 wp-block-group-is-layout-constrained\">\n<h2 class=\"wp-block-heading\"><strong>Register now<\/strong><\/h2>\n\n\n\n<p>Competitors wishing to compete in the elite category are required to complete the application form below, which must include proof of previous results. Valid proof is an official result certificate or a link to an official ranking list from an AIMS race.<\/p>\n\n\n\n<p>The result must be achieved within the period of <strong>12 months <\/strong>before the date of the Boka Marathon.<\/p>\n\n\n\n<p>After the application is reviewed and if the criteria for elite status are met, candidates will be sent a unique code via email. This code is entered during regular registration and provides free entry, as well as access to the elite starting zone.<\/p>\n\n\n\n<h2 class=\"wp-block-heading\"><strong>Elite competitors \u2013 qualification standards<\/strong><\/h2>\n\n\n\n<p>For the men&#039;s elite category, the following qualification standards must be met:<\/p>\n\n\n\n<ul class=\"wp-block-list\">\n<li>Half Marathon: under 1:10:00<\/li>\n\n\n\n<li>Marathon: under 2:30:00<\/li>\n<\/ul>\n\n\n\n<p>For the women&#039;s elite category, the qualification standards are:<\/p>\n\n\n\n<ul class=\"wp-block-list\">\n<li>Half Marathon: under 1:20:00<\/li>\n\n\n\n<li>Marathon: under 2:50:00<\/li>\n<\/ul>\n\n\n\n<p>For all additional questions, write to us at<strong> <\/strong><a href=\"mailto:elite.bokeskimaraton@gmail.com\"><strong>elite.bokeskimaraton@gmail.com<\/strong><\/a>&nbsp;<\/p>\n\n\n\n<p><\/p>\n\n\n\n<h2 class=\"wp-block-heading\"><strong><strong>FORM<\/strong><\/strong><\/h2>\n\n\n\n<div class=\"wpcf7 no-js\" id=\"wpcf7-f2017-o1\" lang=\"bs-BA\" dir=\"ltr\" data-wpcf7-id=\"2017\">\n<div class=\"screen-reader-response\"><p role=\"status\" aria-live=\"polite\" aria-atomic=\"true\"><\/p> <ul><\/ul><\/div>\n<form action=\"\/en\/wp-json\/wp\/v2\/pages\/2014#wpcf7-f2017-o1\" method=\"post\" class=\"wpcf7-form init\" aria-label=\"Kontakt obrazac\" enctype=\"multipart\/form-data\" novalidate=\"novalidate\" data-status=\"init\" data-trp-original-action=\"\/en\/wp-json\/wp\/v2\/pages\/2014#wpcf7-f2017-o1\">\n<fieldset class=\"hidden-fields-container\"><input type=\"hidden\" name=\"_wpcf7\" value=\"2017\" \/><input type=\"hidden\" name=\"_wpcf7_version\" value=\"6.1.5\" \/><input type=\"hidden\" name=\"_wpcf7_locale\" value=\"bs_BA\" \/><input type=\"hidden\" name=\"_wpcf7_unit_tag\" value=\"wpcf7-f2017-o1\" \/><input type=\"hidden\" name=\"_wpcf7_container_post\" value=\"0\" \/><input type=\"hidden\" name=\"_wpcf7_posted_data_hash\" value=\"\" \/><input type=\"hidden\" name=\"_wpcf7cf_hidden_group_fields\" value=\"[]\" \/><input type=\"hidden\" name=\"_wpcf7cf_hidden_groups\" value=\"[]\" \/><input type=\"hidden\" name=\"_wpcf7cf_visible_groups\" value=\"[]\" \/><input type=\"hidden\" name=\"_wpcf7cf_repeaters\" value=\"[]\" \/><input type=\"hidden\" name=\"_wpcf7cf_steps\" value=\"{}\" \/><input type=\"hidden\" name=\"_wpcf7cf_options\" value=\"{&quot;form_id&quot;:2017,&quot;conditions&quot;:[{&quot;then_field&quot;:&quot;-1&quot;,&quot;and_rules&quot;:[{&quot;if_field&quot;:&quot;-1&quot;,&quot;operator&quot;:&quot;equals&quot;,&quot;if_value&quot;:&quot;Polumaraton&quot;}]},{&quot;then_field&quot;:&quot;-1&quot;,&quot;and_rules&quot;:[{&quot;if_field&quot;:&quot;-1&quot;,&quot;operator&quot;:&quot;equals&quot;,&quot;if_value&quot;:&quot;Maraton&quot;}]},{&quot;then_field&quot;:&quot;show-link&quot;,&quot;and_rules&quot;:[{&quot;if_field&quot;:&quot;prikazi-link&quot;,&quot;operator&quot;:&quot;not empty&quot;,&quot;if_value&quot;:&quot;Da&quot;}]}],&quot;settings&quot;:{&quot;animation&quot;:&quot;yes&quot;,&quot;animation_intime&quot;:200,&quot;animation_outtime&quot;:200,&quot;conditions_ui&quot;:&quot;normal&quot;,&quot;notice_dismissed&quot;:false,&quot;notice_dismissed_update-cf7-6.1.5&quot;:true}}\" \/>\n<\/fieldset>\n<div id=\"pejseri-form\" class=\"elitni-trkaci-form\">\n\n<div class=\"grid grid-cols-1 lg:grid-cols-2 gap-4 mt-2\">\n<div><label class=\"block mb-2\">Name*:<\/label><span class=\"wpcf7-form-control-wrap\" data-name=\"your-name\"><input size=\"40\" maxlength=\"400\" class=\"wpcf7-form-control wpcf7-text wpcf7-validates-as-required\" autocomplete=\"name\" aria-required=\"true\" aria-invalid=\"false\" value=\"\" type=\"text\" name=\"your-name\" \/><\/span>\n<\/div>\n<div><label class=\"block mb-2\">Last name*:<\/label><span class=\"wpcf7-form-control-wrap\" data-name=\"your-lastname\"><input size=\"40\" maxlength=\"400\" class=\"wpcf7-form-control wpcf7-text wpcf7-validates-as-required\" autocomplete=\"family-name\" aria-required=\"true\" aria-invalid=\"false\" value=\"\" type=\"text\" name=\"your-lastname\" \/><\/span><\/div>\n<\/div>\n\n<div class=\"grid grid-cols-1 lg:grid-cols-2 gap-4\">\n<div><label class=\"block\">Date of birth*:<\/label><span class=\"wpcf7-form-control-wrap\" data-name=\"birth-date\"><input class=\"wpcf7-form-control wpcf7-date wpcf7-validates-as-required wpcf7-validates-as-date cf7-input\" aria-required=\"true\" aria-invalid=\"false\" value=\"\" type=\"date\" name=\"birth-date\" \/><\/span><\/div>\n<div><label class=\"block mb-2\">Citizenship*:<\/label><span class=\"wpcf7-form-control-wrap\" data-name=\"drzavljanstvo\"><input size=\"40\" maxlength=\"400\" class=\"wpcf7-form-control wpcf7-text wpcf7-validates-as-required\" aria-required=\"true\" aria-invalid=\"false\" value=\"\" type=\"text\" name=\"drzavljanstvo\" \/><\/span><\/div>\n<\/div>\n\n<div class=\"grid grid-cols-1 lg:grid-cols-2 gap-4\">\n<div><label class=\"block\">Email*:<\/label><span class=\"wpcf7-form-control-wrap\" data-name=\"your-email\"><input size=\"40\" maxlength=\"400\" class=\"wpcf7-form-control wpcf7-email wpcf7-validates-as-required wpcf7-text wpcf7-validates-as-email\" autocomplete=\"email\" aria-required=\"true\" aria-invalid=\"false\" value=\"\" type=\"email\" name=\"your-email\" \/><\/span><\/div>\n<div><label class=\"block mb-2\">Phone number*:<\/label><span class=\"wpcf7-form-control-wrap\" data-name=\"your-phone\"><input size=\"40\" maxlength=\"400\" class=\"wpcf7-form-control wpcf7-text wpcf7-validates-as-required\" aria-required=\"true\" aria-invalid=\"false\" value=\"\" type=\"text\" name=\"your-phone\" \/><\/span><\/div>\n<\/div>\n\n<div class=\"flex flex-col gap-2 mt-4 w-full\">\n\n\n<div class=\"flex flex-col md:flex-row gap-4\">\n<div class=\"flex flex-col\"><label class=\"mb-2\">Qualification result (Link or certificate with result)*<\/label><span class=\"wpcf7-form-control-wrap\" data-name=\"poslednja-trka\"><input size=\"40\" class=\"wpcf7-form-control wpcf7-file\" accept=\"image\/*,.pdf\" aria-invalid=\"false\" type=\"file\" name=\"poslednja-trka\" \/><\/span>\n<\/div>\n<div class=\"radio-btns after:hidden\">\n<span class=\"wpcf7-form-control-wrap\" data-name=\"prikazi-link\"><span class=\"wpcf7-form-control wpcf7-checkbox\"><span class=\"wpcf7-list-item first last\"><label><input type=\"checkbox\" name=\"prikazi-link[]\" value=\"Dodajte link\" \/><span class=\"wpcf7-list-item-label\">Add a link<\/span><\/label><\/span><\/span><\/span>\n<span data-id=\"show-link\" data-orig_data_id=\"show-link\" data-clear_on_hide class=\"\" data-class=\"wpcf7cf_group\"> <span class=\"wpcf7-form-control-wrap\" data-name=\"link\"><input size=\"40\" maxlength=\"400\" class=\"wpcf7-form-control wpcf7-url wpcf7-text wpcf7-validates-as-url\" autocomplete=\"url\" aria-invalid=\"false\" value=\"\" type=\"url\" name=\"link\" \/><\/span> <\/span>\n<\/div>\n<\/div>\n<div class=\"flex flex-col\"><label class=\"mb-2\">Note to the organizer (optional)<\/label>\n<span class=\"wpcf7-form-control-wrap\" data-name=\"your-about\"><textarea cols=\"40\" rows=\"10\" maxlength=\"2000\" class=\"wpcf7-form-control wpcf7-textarea\" aria-invalid=\"false\" name=\"your-about\"><\/textarea><\/span>\n<\/div>\n<\/div>\n\n\n<input class=\"wpcf7-form-control wpcf7-submit has-spinner wp-block-button__link wp-element-button mt-4 pacers-submit\" type=\"submit\" value=\"Register\" \/>\n<\/div><div class=\"wpcf7-response-output\" aria-hidden=\"true\"><\/div>\n<input type=\"hidden\" name=\"trp-form-language\" value=\"en\"\/><\/form>\n<\/div>\n\n\n\n\n<p><\/p>\n<\/div>","protected":false},"excerpt":{"rendered":"<p>Prijava Takmi\u010dari koji \u017eele nastupiti u elitnoj kategoriji du\u017eni su popuniti prijavni formular u nastavku, u okviru kojeg je neophodno dostaviti dokaz o prethodnim rezultatima. Kao validan dokaz prihvata se zvani\u010dni sertifikat o rezultatu ili link ka zvani\u010dnoj rang-listi sa neke AIMS trke. Rezultat mora biti ostvaren u periodu od 12 mjeseci prije datuma odr\u017eavanja [&hellip;]<\/p>","protected":false},"author":8,"featured_media":0,"parent":0,"menu_order":0,"comment_status":"closed","ping_status":"closed","template":"","meta":{"_acf_changed":false,"footnotes":""},"class_list":["post-2014","page","type-page","status-publish","hentry"],"acf":[],"_links":{"self":[{"href":"https:\/\/bokamarathon.com\/en\/wp-json\/wp\/v2\/pages\/2014","targetHints":{"allow":["GET"]}}],"collection":[{"href":"https:\/\/bokamarathon.com\/en\/wp-json\/wp\/v2\/pages"}],"about":[{"href":"https:\/\/bokamarathon.com\/en\/wp-json\/wp\/v2\/types\/page"}],"author":[{"embeddable":true,"href":"https:\/\/bokamarathon.com\/en\/wp-json\/wp\/v2\/users\/8"}],"replies":[{"embeddable":true,"href":"https:\/\/bokamarathon.com\/en\/wp-json\/wp\/v2\/comments?post=2014"}],"version-history":[{"count":9,"href":"https:\/\/bokamarathon.com\/en\/wp-json\/wp\/v2\/pages\/2014\/revisions"}],"predecessor-version":[{"id":2088,"href":"https:\/\/bokamarathon.com\/en\/wp-json\/wp\/v2\/pages\/2014\/revisions\/2088"}],"wp:attachment":[{"href":"https:\/\/bokamarathon.com\/en\/wp-json\/wp\/v2\/media?parent=2014"}],"curies":[{"name":"wp","href":"https:\/\/api.w.org\/{rel}","templated":true}]}}